{"id":22,"date":"2024-06-14T20:31:39","date_gmt":"2024-06-14T20:31:39","guid":{"rendered":"https:\/\/floresteve.com\/?page_id=22"},"modified":"2024-06-20T20:20:32","modified_gmt":"2024-06-20T23:20:32","slug":"voces","status":"publish","type":"page","link":"https:\/\/floresteve.com\/index.php\/voces\/","title":{"rendered":"Voces"},"content":{"rendered":"\n<p><strong>Cervantes, las gitanas y yo<\/strong><\/p>\n\n\n\n<p>Por: Daniel Quiroz Castro<\/p>\n\n\n\n<p><strong>Cervantes, las gitanas y yo<\/strong><\/p>\n\n\n\n<p>Mi primer acercamiento al mundo de la gitaner\u00eda se lo debo a Miguel de Cervantes Saavedra. Mi madre, lectora y c\u00f3mplice proveedora de libros, una ma\u00f1ana de s\u00e1bado hace m\u00e1s de treinta a\u00f1os puso en mis manos \u201cNovelas ejemplares\u201d, el libro de doce relatos del Cervantes anciano, que nos deja en muchas de sus p\u00e1ginas ense\u00f1anzas morales aplicables hasta nuestros d\u00edas. Es en esta obra cervantina que pude leer con bastante deleite \u201cLa gitanilla\u201d, la historia de una muchacha que frisa los quince a\u00f1os, con un ingenio, cortes\u00eda y elocuencia que ya quisieran tener decenas de pol\u00edticos peruanos. Pero a ese don, otros se le a\u00f1ad\u00edan: saber bailar muy bien y la hermosura de su estampa. <strong>\u201cSali\u00f3 la tal Preciosa la m\u00e1s \u00fanica bailadora que se hallaba en todo el gitanismo, y la m\u00e1s hermosa y discreta que pudiera hallarse, no entre los gitanos, sino entre cuantas hermosas y discretas pudiera pregonar la fama. Ni los soles, ni los aires, ni todas las inclemencias del cielo, a quien m\u00e1s que otras gentes est\u00e1n sujetos los gitanos, pudieron deslustrar su rostro ni curtir las manos; y lo que es m\u00e1s, que la crianza tosca en que se criaba no descubr\u00eda en ella sino ser nacida de mayores prendas que de gitana, porque era en extremo cort\u00e9s y bien razonada\u201d<\/strong>. Con tama\u00f1a descripci\u00f3n, muchos galanes pretend\u00edan su amor. Y cupo ser un hombre de alcurnia el que la pretendiese, no sin antes dejar su hidalgu\u00eda para convertirse en un gitano de bellaquer\u00eda. Tal fue la condici\u00f3n que le impuso Preciosa a este muchacho, que casi lo lleva a la muerte antes de descubrirse el verdadero linaje de la gitanilla y el final dichoso para ambos personajes. Ese fue mi encuentro feliz, en medio de la fantas\u00eda. Pero al poco tiempo, siendo todav\u00eda un ni\u00f1o, pude conocer la cara real de la gitaner\u00eda. Estando con mis compa\u00f1eros del colegio en la ciudad de Arica (Chile), una circunspecta gitana se me acerc\u00f3 y me dijo: \u201cEse dinero que tu traes en el bolsillo te ser\u00e1 de maldici\u00f3n; as\u00ed que deja que cambie tu suerte y lo cargue a mi condici\u00f3n\u201d. De pronto, en una mezcla de asombro y desconcierto, no s\u00e9 c\u00f3mo me qued\u00e9 sin un par de billetes de miles de pesos por arte de birlibirloque. Cuando quise evitar el hurto, ya la gitana estaba embaucando a otro muchacho. \u201c\u00bfVieron que me rob\u00f3?\u201d, inquir\u00ed a mis amigos, quienes me devolvieron una sonrisita nerviosa con una contradicha mirada de conmiseraci\u00f3n. Como el aprender a bailar resulta de la pr\u00e1ctica y no de libros ni consejos; bueno, aprend\u00ed de las gitanas a tan corta edad en la pr\u00e1ctica lo que Cervantes me dejara en mis recuerdos: <strong>\u201cNo hay \u00e1guila, ni ninguna otra ave de rapi\u00f1a, que m\u00e1s presto se abalance a la presa que se le ofrece, que nosotros nos abalanzamos a las ocasiones que alg\u00fan inter\u00e9s nos se\u00f1alen\u201d.<\/strong> Desde entonces, cada vez que paso cerca de una gitana me pongo adusto y ce\u00f1udo para evitar cualquier acercamiento. Para gitanillas, las de Cervantes, pienso, y sigo mi camino.<\/p>\n","protected":false},"excerpt":{"rendered":"<p>Cervantes, las gitanas y yo Por: Daniel Quiroz Castro Cervantes, las gitanas y yo Mi primer acercamiento al mundo de la gitaner\u00eda se lo debo a Miguel de Cervantes Saavedra. Mi madre,&#8230;<\/p>\n","protected":false},"author":1,"featured_media":0,"parent":0,"menu_order":5,"comment_status":"closed","ping_status":"closed","template":"","meta":{"footnotes":""},"class_list":["post-22","page","type-page","status-publish","hentry"],"_links":{"self":[{"href":"https:\/\/floresteve.com\/index.php\/wp-json\/wp\/v2\/pages\/22","targetHints":{"allow":["GET"]}}],"collection":[{"href":"https:\/\/floresteve.com\/index.php\/wp-json\/wp\/v2\/pages"}],"about":[{"href":"https:\/\/floresteve.com\/index.php\/wp-json\/wp\/v2\/types\/page"}],"author":[{"embeddable":true,"href":"https:\/\/floresteve.com\/index.php\/wp-json\/wp\/v2\/users\/1"}],"replies":[{"embeddable":true,"href":"https:\/\/floresteve.com\/index.php\/wp-json\/wp\/v2\/comments?post=22"}],"version-history":[{"count":2,"href":"https:\/\/floresteve.com\/index.php\/wp-json\/wp\/v2\/pages\/22\/revisions"}],"predecessor-version":[{"id":31,"href":"https:\/\/floresteve.com\/index.php\/wp-json\/wp\/v2\/pages\/22\/revisions\/31"}],"wp:attachment":[{"href":"https:\/\/floresteve.com\/index.php\/wp-json\/wp\/v2\/media?parent=22"}],"curies":[{"name":"wp","href":"https:\/\/api.w.org\/{rel}","templated":true}]}}