{"id":33,"date":"2024-06-14T21:00:51","date_gmt":"2024-06-14T21:00:51","guid":{"rendered":"https:\/\/floresteve.com\/?page_id=33"},"modified":"2024-06-30T21:37:03","modified_gmt":"2024-07-01T00:37:03","slug":"juego-con-pasion","status":"publish","type":"page","link":"https:\/\/floresteve.com\/index.php\/juego-con-pasion\/","title":{"rendered":"Juego con pasi\u00f3n"},"content":{"rendered":"\n<p>Pr\u00f3ximamente te informaremos sobre los torneos de AFA y Liga Metropolitana (categor\u00edas infantil y juvenil).<\/p>\n\n\n\n<p>S\u00edguenos en nuestras redes sociales:<\/p>\n\n\n\n<p>Instagram: <a href=\"https:\/\/www.instagram.com\/juegoconpasionarg\/\">https:\/\/www.instagram.com\/juegoconpasionarg\/<\/a><\/p>\n\n\n\n<p>X: <a href=\"https:\/\/x.com\/juegoconpasion?s=08\">https:\/\/x.com\/juegoconpasion\/<\/a><\/p>\n\n\n\n<p>Tiktok: <a href=\"https:\/\/www.tiktok.com\/@juegoconpasionarg?_t=8ne3kkn5Auc&amp;_r=1\">https:\/\/www.tiktok.com\/@juegoconpasionarg\/<\/a><\/p>\n\n\n\n<p>Youtube: <a href=\"https:\/\/youtube.com\/@juegoconpasion.?si=_SJ50s46HwTqAanG\">https:\/\/youtube.com\/@juegoconpasion\/<\/a><\/p>\n","protected":false},"excerpt":{"rendered":"<p>Pr\u00f3ximamente te informaremos sobre los torneos de AFA y Liga Metropolitana (categor\u00edas infantil y juvenil). S\u00edguenos en nuestras redes sociales: Instagram: https:\/\/www.instagram.com\/juegoconpasionarg\/ X: https:\/\/x.com\/juegoconpasion\/ Tiktok: https:\/\/www.tiktok.com\/@juegoconpasionarg\/ Youtube: https:\/\/youtube.com\/@juegoconpasion\/<\/p>\n","protected":false},"author":1,"featured_media":0,"parent":0,"menu_order":6,"comment_status":"closed","ping_status":"closed","template":"","meta":{"footnotes":""},"class_list":["post-33","page","type-page","status-publish","hentry"],"_links":{"self":[{"href":"https:\/\/floresteve.com\/index.php\/wp-json\/wp\/v2\/pages\/33","targetHints":{"allow":["GET"]}}],"collection":[{"href":"https:\/\/floresteve.com\/index.php\/wp-json\/wp\/v2\/pages"}],"about":[{"href":"https:\/\/floresteve.com\/index.php\/wp-json\/wp\/v2\/types\/page"}],"author":[{"embeddable":true,"href":"https:\/\/floresteve.com\/index.php\/wp-json\/wp\/v2\/users\/1"}],"replies":[{"embeddable":true,"href":"https:\/\/floresteve.com\/index.php\/wp-json\/wp\/v2\/comments?post=33"}],"version-history":[{"count":3,"href":"https:\/\/floresteve.com\/index.php\/wp-json\/wp\/v2\/pages\/33\/revisions"}],"predecessor-version":[{"id":106,"href":"https:\/\/floresteve.com\/index.php\/wp-json\/wp\/v2\/pages\/33\/revisions\/106"}],"wp:attachment":[{"href":"https:\/\/floresteve.com\/index.php\/wp-json\/wp\/v2\/media?parent=33"}],"curies":[{"name":"wp","href":"https:\/\/api.w.org\/{rel}","templated":true}]}}